{"id":186,"date":"2021-07-17T10:03:45","date_gmt":"2021-07-17T08:03:45","guid":{"rendered":"https:\/\/abscisse.pro\/?page_id=186"},"modified":"2021-08-26T20:47:02","modified_gmt":"2021-08-26T18:47:02","slug":"mentions-legales","status":"publish","type":"page","link":"https:\/\/abscisse.ovh\/index.php\/mentions-legales\/","title":{"rendered":"Mentions l\u00e9gales"},"content":{"rendered":"\t\t<div data-elementor-type=\"wp-page\" data-elementor-id=\"186\" class=\"elementor elementor-186\" data-elementor-settings=\"[]\">\n\t\t\t\t\t\t<div class=\"elementor-inner\">\n\t\t\t\t\t\t\t<div class=\"elementor-section-wrap\">\n\t\t\t\t\t\t\t<section class=\"elementor-section elementor-top-section elementor-element elementor-element-2267a99 elementor-section-boxed elementor-section-height-default elementor-section-height-default\" data-id=\"2267a99\" data-element_type=\"section\" data-settings=\"{&quot;background_background&quot;:&quot;classic&quot;}\">\n\t\t\t\t\t\t<div class=\"elementor-container elementor-column-gap-default\">\n\t\t\t\t\t\t\t<div class=\"elementor-row\">\n\t\t\t\t\t<div class=\"elementor-column elementor-col-100 elementor-top-column elementor-element elementor-element-1173879\" data-id=\"1173879\" data-element_type=\"column\">\n\t\t\t<div class=\"elementor-column-wrap elementor-element-populated\">\n\t\t\t\t\t\t\t<div class=\"elementor-widget-wrap\">\n\t\t\t\t\t\t<div class=\"elementor-element elementor-element-91c3197 elementor-widget elementor-widget-image\" data-id=\"91c3197\" data-element_type=\"widget\" data-widget_type=\"image.default\">\n\t\t\t\t<div class=\"elementor-widget-container\">\n\t\t\t\t\t<div class=\"elementor-image\">\n\t\t\t\t\t\t\t\t\t\t\t<a href=\"https:\/\/abscisse.ovh\">\n\t\t\t\t\t\t\t<img loading=\"lazy\" decoding=\"async\" width=\"580\" height=\"197\" src=\"https:\/\/abscisse.ovh\/wp-content\/uploads\/2021\/08\/Fichier_1.png\" class=\"attachment-large size-large\" alt=\"\" srcset=\"https:\/\/abscisse.ovh\/wp-content\/uploads\/2021\/08\/Fichier_1.png 805w, https:\/\/abscisse.ovh\/wp-content\/uploads\/2021\/08\/Fichier_1-300x102.png 300w, https:\/\/abscisse.ovh\/wp-content\/uploads\/2021\/08\/Fichier_1-768x260.png 768w\" sizes=\"auto, (max-width: 580px) 100vw, 580px\" \/>\t\t\t\t\t\t\t\t<\/a>\n\t\t\t\t\t\t\t\t\t\t\t<\/div>\n\t\t\t\t<\/div>\n\t\t\t\t<\/div>\n\t\t\t\t<div class=\"elementor-element elementor-element-fd461fc elementor-widget elementor-widget-heading\" data-id=\"fd461fc\" data-element_type=\"widget\" data-widget_type=\"heading.default\">\n\t\t\t\t<div class=\"elementor-widget-container\">\n\t\t\t<h2 class=\"elementor-heading-title elementor-size-default\">Mentions l\u00e9gales<\/h2>\t\t<\/div>\n\t\t\t\t<\/div>\n\t\t\t\t<div class=\"elementor-element elementor-element-dc9c249 elementor-widget elementor-widget-text-editor\" data-id=\"dc9c249\" data-element_type=\"widget\" data-widget_type=\"text-editor.default\">\n\t\t\t\t<div class=\"elementor-widget-container\">\n\t\t\t\t\t<div class=\"elementor-text-editor elementor-clearfix\"><div class=\"contents-2mQqc9\" role=\"document\"><div><span style=\"text-decoration: underline;\"><strong>Directeur g\u00e9n\u00e9ral:<\/strong><\/span><\/div><div class=\"markup-2BOw-j messageContent-2qWWxC\">Nom : NICOLET J\u00e9r\u00f4me<\/div><div class=\"markup-2BOw-j messageContent-2qWWxC\">Adresse : 3 impasse la carr\u00e9 25360 NANCRAY<\/div><div class=\"markup-2BOw-j messageContent-2qWWxC\">E-mail : nicolet.jerome25@orange.fr<\/div><div>T\u00e9l\u00e9phone : 06 75 71 82 10<\/div><div>SIRET : 395 323 322 00028<\/div><div>\u00a0<\/div><div class=\"markup-2BOw-j messageContent-2qWWxC\"><strong><span style=\"text-decoration: underline;\">H\u00e9bergeur :<\/span><\/strong><\/div><div class=\"markup-2BOw-j messageContent-2qWWxC\">Nom : OVH, SAS<\/div><div class=\"markup-2BOw-j messageContent-2qWWxC\">Adresse : 2 rue Kellermann 59100 Roubaix<\/div><div class=\"markup-2BOw-j messageContent-2qWWxC\">T\u00e9l\u00e9phone : 1007<\/div><\/div><\/div>\n\t\t\t\t<\/div>\n\t\t\t\t<\/div>\n\t\t\t\t<div class=\"elementor-element elementor-element-18dcfb3 elementor-align-center elementor-widget elementor-widget-button\" data-id=\"18dcfb3\" data-element_type=\"widget\" data-widget_type=\"button.default\">\n\t\t\t\t<div class=\"elementor-widget-container\">\n\t\t\t\t\t<div class=\"elementor-button-wrapper\">\n\t\t\t<a href=\"https:\/\/abscisse.ovh\/\" class=\"elementor-button-link elementor-button elementor-size-xs\" role=\"button\">\n\t\t\t\t\t\t<span class=\"elementor-button-content-wrapper\">\n\t\t\t\t\t\t<span class=\"elementor-button-text\">Retour au site<\/span>\n\t\t<\/span>\n\t\t\t\t\t<\/a>\n\t\t<\/div>\n\t\t\t\t<\/div>\n\t\t\t\t<\/div>\n\t\t\t\t<div class=\"elementor-element elementor-element-5f8b552 elementor-widget elementor-widget-spacer\" data-id=\"5f8b552\" data-element_type=\"widget\" data-widget_type=\"spacer.default\">\n\t\t\t\t<div class=\"elementor-widget-container\">\n\t\t\t\t\t<div class=\"elementor-spacer\">\n\t\t\t<div class=\"elementor-spacer-inner\"><\/div>\n\t\t<\/div>\n\t\t\t\t<\/div>\n\t\t\t\t<\/div>\n\t\t\t\t\t\t<\/div>\n\t\t\t\t\t<\/div>\n\t\t<\/div>\n\t\t\t\t\t\t\t\t<\/div>\n\t\t\t\t\t<\/div>\n\t\t<\/section>\n\t\t\t\t\t\t<\/div>\n\t\t\t\t\t\t<\/div>\n\t\t\t\t\t<\/div>\n\t\t","protected":false},"excerpt":{"rendered":"<p>Mentions l\u00e9gales Directeur g\u00e9n\u00e9ral:Nom : NICOLET J\u00e9r\u00f4meAdresse : 3 impasse la carr\u00e9 25360 NANCRAYE-mail : nicolet.jerome25@orange.frT\u00e9l\u00e9phone : 06 75 71 82 10SIRET : 395 323 322 00028\u00a0H\u00e9bergeur :Nom : OVH, SASAdresse : 2 rue Kellermann 59100 RoubaixT\u00e9l\u00e9phone : 1007 Retour au site<\/p>\n","protected":false},"author":1,"featured_media":0,"parent":0,"menu_order":0,"comment_status":"closed","ping_status":"closed","template":"elementor_canvas","meta":{"footnotes":""},"class_list":["post-186","page","type-page","status-publish","hentry"],"_links":{"self":[{"href":"https:\/\/abscisse.ovh\/index.php\/wp-json\/wp\/v2\/pages\/186","targetHints":{"allow":["GET"]}}],"collection":[{"href":"https:\/\/abscisse.ovh\/index.php\/wp-json\/wp\/v2\/pages"}],"about":[{"href":"https:\/\/abscisse.ovh\/index.php\/wp-json\/wp\/v2\/types\/page"}],"author":[{"embeddable":true,"href":"https:\/\/abscisse.ovh\/index.php\/wp-json\/wp\/v2\/users\/1"}],"replies":[{"embeddable":true,"href":"https:\/\/abscisse.ovh\/index.php\/wp-json\/wp\/v2\/comments?post=186"}],"version-history":[{"count":18,"href":"https:\/\/abscisse.ovh\/index.php\/wp-json\/wp\/v2\/pages\/186\/revisions"}],"predecessor-version":[{"id":245,"href":"https:\/\/abscisse.ovh\/index.php\/wp-json\/wp\/v2\/pages\/186\/revisions\/245"}],"wp:attachment":[{"href":"https:\/\/abscisse.ovh\/index.php\/wp-json\/wp\/v2\/media?parent=186"}],"curies":[{"name":"wp","href":"https:\/\/api.w.org\/{rel}","templated":true}]}}